{"id":454,"date":"2018-07-28T13:09:10","date_gmt":"2018-07-28T11:09:10","guid":{"rendered":"http:\/\/www.glaireuse.be\/?page_id=454"},"modified":"2018-07-28T13:15:11","modified_gmt":"2018-07-28T11:15:11","slug":"les-artistes-de-la-fete-2018","status":"publish","type":"page","link":"http:\/\/www.glaireuse.be\/?page_id=454","title":{"rendered":"Les artistes de la f\u00eate 2018"},"content":{"rendered":"<p>Sur cette page, vous trouverez des informations et des liens relatifs aux diff\u00e9rents artistes qui animeront la kermesse de Glaireuse cette ann\u00e9e.<\/p>\n<p>Pour commencer, la sono qui anime les trois soir\u00e9es de ce deuxi\u00e8me week-end d&rsquo;aout :<\/p>\n<h1><img loading=\"lazy\" decoding=\"async\" class=\"wp-image-455 size-thumbnail alignnone aligncenter\" src=\"http:\/\/www.glaireuse.be\/wp-content\/uploads\/2018\/07\/hells2-138x150.png\" alt=\"hells2\" width=\"138\" height=\"150\" srcset=\"http:\/\/www.glaireuse.be\/wp-content\/uploads\/2018\/07\/hells2-138x150.png 138w, http:\/\/www.glaireuse.be\/wp-content\/uploads\/2018\/07\/hells2-277x300.png 277w, http:\/\/www.glaireuse.be\/wp-content\/uploads\/2018\/07\/hells2.png 320w\" sizes=\"auto, (max-width: 138px) 100vw, 138px\" \/><\/h1>\n<h1 style=\"text-align: center;\">Hell&rsquo;s Energy<\/h1>\n<p style=\"text-align: center;\"><a href=\"http:\/\/www.hellsenergy.be\/\" target=\"_blank\">http:\/\/www.hellsenergy.be\/<\/a> \u00a0 \u00a0 \u00a0 \u00a0 \u00a0 \u00a0 <a href=\"https:\/\/www.facebook.com\/Hells-energy-183963871945900\/\" target=\"_blank\">Facebook<\/a><\/p>\n<p>Le samedi 11, le Groupe Pilgrims rendra hommage \u00e0 l&rsquo;un des plus grands groupe des ann\u00e9es 70 et 80 : QUEEN<\/p>\n<p><img loading=\"lazy\" decoding=\"async\" class=\"wp-image-456 alignleft\" src=\"http:\/\/www.glaireuse.be\/wp-content\/uploads\/2018\/07\/Pilgrims1.jpg\" alt=\"Pilgrims1\" width=\"339\" height=\"327\" srcset=\"http:\/\/www.glaireuse.be\/wp-content\/uploads\/2018\/07\/Pilgrims1.jpg 479w, http:\/\/www.glaireuse.be\/wp-content\/uploads\/2018\/07\/Pilgrims1-150x145.jpg 150w, http:\/\/www.glaireuse.be\/wp-content\/uploads\/2018\/07\/Pilgrims1-300x289.jpg 300w, http:\/\/www.glaireuse.be\/wp-content\/uploads\/2018\/07\/Pilgrims1-156x150.jpg 156w\" sizes=\"auto, (max-width: 339px) 100vw, 339px\" \/><\/p>\n<p><img loading=\"lazy\" decoding=\"async\" class=\"alignnone wp-image-457\" src=\"http:\/\/www.glaireuse.be\/wp-content\/uploads\/2018\/07\/Pilgrims-2.png\" alt=\"Pilgrims-2\" width=\"387\" height=\"258\" srcset=\"http:\/\/www.glaireuse.be\/wp-content\/uploads\/2018\/07\/Pilgrims-2.png 500w, http:\/\/www.glaireuse.be\/wp-content\/uploads\/2018\/07\/Pilgrims-2-150x100.png 150w, http:\/\/www.glaireuse.be\/wp-content\/uploads\/2018\/07\/Pilgrims-2-300x200.png 300w, http:\/\/www.glaireuse.be\/wp-content\/uploads\/2018\/07\/Pilgrims-2-225x150.png 225w\" sizes=\"auto, (max-width: 387px) 100vw, 387px\" \/><\/p>\n<p>&nbsp;<\/p>\n<p style=\"text-align: center;\"><a href=\"https:\/\/www.facebook.com\/PILGRIMS-Cover-Queen-179777495447624\/\" target=\"_blank\">Facebook<\/a><\/p>\n<p>L&rsquo;apr\u00e8s-midi de dimanche, 2 concerts avec 2 groupes,<\/p>\n<p>Tout d&rsquo;abord \u00e0 17h30 le groupe Melting Potes &#8211; <a href=\"https:\/\/www.facebook.com\/MeltingPotesTrio\/\" target=\"_blank\">Facebook<\/a><\/p>\n<p><a href=\"http:\/\/www.glaireuse.be\/?attachment_id=459\" rel=\"attachment wp-att-459\"><img loading=\"lazy\" decoding=\"async\" class=\"wp-image-459 aligncenter\" src=\"http:\/\/www.glaireuse.be\/wp-content\/uploads\/2018\/07\/Melting.jpg\" alt=\"Melting\" width=\"675\" height=\"379\" srcset=\"http:\/\/www.glaireuse.be\/wp-content\/uploads\/2018\/07\/Melting.jpg 960w, http:\/\/www.glaireuse.be\/wp-content\/uploads\/2018\/07\/Melting-150x84.jpg 150w, http:\/\/www.glaireuse.be\/wp-content\/uploads\/2018\/07\/Melting-300x168.jpg 300w, http:\/\/www.glaireuse.be\/wp-content\/uploads\/2018\/07\/Melting-768x431.jpg 768w, http:\/\/www.glaireuse.be\/wp-content\/uploads\/2018\/07\/Melting-250x140.jpg 250w\" sizes=\"auto, (max-width: 675px) 100vw, 675px\" \/><\/a><\/p>\n<p>Ensuite c&rsquo;est le groupe Four To One qui prendra le relai &#8211; <a href=\"https:\/\/www.facebook.com\/fourtoone.officiel\/\" target=\"_blank\">Facebook<\/a><\/p>\n<p>Four to One est un groupe ardennais qui reprend les principaux standards du rock des anne\u0301es 70 a\u0300 aujourd\u2019hui avec e\u0301nergie et aux sons des guitares ace\u0301re\u0301es.<\/p>\n<h1 style=\"text-align: center;\"><img loading=\"lazy\" decoding=\"async\" class=\"aligncenter wp-image-460 size-large\" src=\"http:\/\/www.glaireuse.be\/wp-content\/uploads\/2018\/07\/Four-to-one-1024x697.jpg\" alt=\"Four-to-one\" width=\"800\" height=\"545\" srcset=\"http:\/\/www.glaireuse.be\/wp-content\/uploads\/2018\/07\/Four-to-one-1024x697.jpg 1024w, http:\/\/www.glaireuse.be\/wp-content\/uploads\/2018\/07\/Four-to-one-150x102.jpg 150w, http:\/\/www.glaireuse.be\/wp-content\/uploads\/2018\/07\/Four-to-one-300x204.jpg 300w, http:\/\/www.glaireuse.be\/wp-content\/uploads\/2018\/07\/Four-to-one-768x522.jpg 768w, http:\/\/www.glaireuse.be\/wp-content\/uploads\/2018\/07\/Four-to-one-220x150.jpg 220w, http:\/\/www.glaireuse.be\/wp-content\/uploads\/2018\/07\/Four-to-one.jpg 1248w\" sizes=\"auto, (max-width: 800px) 100vw, 800px\" \/><\/h1>\n<h1 style=\"text-align: center;\">ENTREE GRATUITE TOUT LE WEEK-END !!!<\/h1>\n","protected":false},"excerpt":{"rendered":"<p>Sur cette page, vous trouverez des informations et des liens relatifs aux diff\u00e9rents artistes qui animeront la kermesse de Glaireuse cette ann\u00e9e.<br \/>\nPour commencer, la sono qui anime les trois soir\u00e9es de ce deuxi\u00e8me week-end d&rsquo;aout :<\/p>\n<p>Hell&rsquo;s Energy<br \/>\nhttp:\/\/www.hellsenergy.be\/ \u00a0 \u00a0 \u00a0 \u00a0 \u00a0 \u00a0 Facebook<br \/>\nLe samedi 11, le Groupe Pilgrims rendra \u2026 <a class=\"continue-reading-link\" href=\"http:\/\/www.glaireuse.be\/?page_id=454\"> Continue reading <span class=\"meta-nav\">&rarr; <\/span><\/a><\/p>\n","protected":false},"author":1,"featured_media":0,"parent":0,"menu_order":0,"comment_status":"closed","ping_status":"closed","template":"","meta":{"_monsterinsights_skip_tracking":false,"_monsterinsights_sitenote_active":false,"_monsterinsights_sitenote_note":"","_monsterinsights_sitenote_category":0,"ngg_post_thumbnail":0,"footnotes":""},"class_list":["post-454","page","type-page","status-publish","hentry"],"yoast_head":"<!-- This site is optimized with the Yoast SEO plugin v19.4 - https:\/\/yoast.com\/wordpress\/plugins\/seo\/ -->\n<title>Les artistes de la f\u00eate 2018 - Club des Jeunes de Glaireuse<\/title>\n<meta name=\"robots\" content=\"index, follow, max-snippet:-1, max-image-preview:large, max-video-preview:-1\" \/>\n<link rel=\"canonical\" href=\"http:\/\/www.glaireuse.be\/?page_id=454\" \/>\n<meta property=\"og:locale\" content=\"fr_FR\" \/>\n<meta property=\"og:type\" content=\"article\" \/>\n<meta property=\"og:title\" content=\"Les artistes de la f\u00eate 2018 - Club des Jeunes de Glaireuse\" \/>\n<meta property=\"og:description\" content=\"Sur cette page, vous trouverez des informations et des liens relatifs aux diff\u00e9rents artistes qui animeront la kermesse de Glaireuse cette ann\u00e9e. Pour commencer, la sono qui anime les trois soir\u00e9es de ce deuxi\u00e8me week-end d&rsquo;aout : Hell&rsquo;s Energy http:\/\/www.hellsenergy.be\/ \u00a0 \u00a0 \u00a0 \u00a0 \u00a0 \u00a0 Facebook Le samedi 11, le Groupe Pilgrims rendra \u2026 Continue reading &rarr;\" \/>\n<meta property=\"og:url\" content=\"http:\/\/www.glaireuse.be\/?page_id=454\" \/>\n<meta property=\"og:site_name\" content=\"Club des Jeunes de Glaireuse\" \/>\n<meta property=\"article:modified_time\" content=\"2018-07-28T11:15:11+00:00\" \/>\n<meta property=\"og:image\" content=\"http:\/\/www.glaireuse.be\/wp-content\/uploads\/2018\/07\/hells2-138x150.png\" \/>\n<meta name=\"twitter:card\" content=\"summary_large_image\" \/>\n<meta name=\"twitter:label1\" content=\"Dur\u00e9e de lecture estim\u00e9e\" \/>\n\t<meta name=\"twitter:data1\" content=\"1 minute\" \/>\n<script type=\"application\/ld+json\" class=\"yoast-schema-graph\">{\"@context\":\"https:\/\/schema.org\",\"@graph\":[{\"@type\":\"Organization\",\"@id\":\"https:\/\/www.glaireuse.be\/#organization\",\"name\":\"Club des Jeunes de Glaireuse\",\"url\":\"https:\/\/www.glaireuse.be\/\",\"sameAs\":[],\"logo\":{\"@type\":\"ImageObject\",\"inLanguage\":\"fr-FR\",\"@id\":\"https:\/\/www.glaireuse.be\/#\/schema\/logo\/image\/\",\"url\":\"http:\/\/www.glaireuse.be\/wp-content\/uploads\/2022\/07\/Vache.bmp\",\"contentUrl\":\"http:\/\/www.glaireuse.be\/wp-content\/uploads\/2022\/07\/Vache.bmp\",\"width\":307,\"height\":422,\"caption\":\"Club des Jeunes de Glaireuse\"},\"image\":{\"@id\":\"https:\/\/www.glaireuse.be\/#\/schema\/logo\/image\/\"}},{\"@type\":\"WebSite\",\"@id\":\"https:\/\/www.glaireuse.be\/#website\",\"url\":\"https:\/\/www.glaireuse.be\/\",\"name\":\"Club des Jeunes de Glaireuse\",\"description\":\"Tous \u00e0 Glaireuse le 2e WE d&#039;ao\u00fbt\",\"publisher\":{\"@id\":\"https:\/\/www.glaireuse.be\/#organization\"},\"potentialAction\":[{\"@type\":\"SearchAction\",\"target\":{\"@type\":\"EntryPoint\",\"urlTemplate\":\"https:\/\/www.glaireuse.be\/?s={search_term_string}\"},\"query-input\":\"required name=search_term_string\"}],\"inLanguage\":\"fr-FR\"},{\"@type\":\"WebPage\",\"@id\":\"http:\/\/www.glaireuse.be\/?page_id=454\",\"url\":\"http:\/\/www.glaireuse.be\/?page_id=454\",\"name\":\"Les artistes de la f\u00eate 2018 - Club des Jeunes de Glaireuse\",\"isPartOf\":{\"@id\":\"https:\/\/www.glaireuse.be\/#website\"},\"datePublished\":\"2018-07-28T11:09:10+00:00\",\"dateModified\":\"2018-07-28T11:15:11+00:00\",\"breadcrumb\":{\"@id\":\"http:\/\/www.glaireuse.be\/?page_id=454#breadcrumb\"},\"inLanguage\":\"fr-FR\",\"potentialAction\":[{\"@type\":\"ReadAction\",\"target\":[\"http:\/\/www.glaireuse.be\/?page_id=454\"]}]},{\"@type\":\"BreadcrumbList\",\"@id\":\"http:\/\/www.glaireuse.be\/?page_id=454#breadcrumb\",\"itemListElement\":[{\"@type\":\"ListItem\",\"position\":1,\"name\":\"Accueil\",\"item\":\"https:\/\/www.glaireuse.be\/\"},{\"@type\":\"ListItem\",\"position\":2,\"name\":\"Les artistes de la f\u00eate 2018\"}]}]}<\/script>\n<!-- \/ Yoast SEO plugin. -->","yoast_head_json":{"title":"Les artistes de la f\u00eate 2018 - Club des Jeunes de Glaireuse","robots":{"index":"index","follow":"follow","max-snippet":"max-snippet:-1","max-image-preview":"max-image-preview:large","max-video-preview":"max-video-preview:-1"},"canonical":"http:\/\/www.glaireuse.be\/?page_id=454","og_locale":"fr_FR","og_type":"article","og_title":"Les artistes de la f\u00eate 2018 - Club des Jeunes de Glaireuse","og_description":"Sur cette page, vous trouverez des informations et des liens relatifs aux diff\u00e9rents artistes qui animeront la kermesse de Glaireuse cette ann\u00e9e. Pour commencer, la sono qui anime les trois soir\u00e9es de ce deuxi\u00e8me week-end d&rsquo;aout : Hell&rsquo;s Energy http:\/\/www.hellsenergy.be\/ \u00a0 \u00a0 \u00a0 \u00a0 \u00a0 \u00a0 Facebook Le samedi 11, le Groupe Pilgrims rendra \u2026 Continue reading &rarr;","og_url":"http:\/\/www.glaireuse.be\/?page_id=454","og_site_name":"Club des Jeunes de Glaireuse","article_modified_time":"2018-07-28T11:15:11+00:00","og_image":[{"url":"http:\/\/www.glaireuse.be\/wp-content\/uploads\/2018\/07\/hells2-138x150.png"}],"twitter_card":"summary_large_image","twitter_misc":{"Dur\u00e9e de lecture estim\u00e9e":"1 minute"},"schema":{"@context":"https:\/\/schema.org","@graph":[{"@type":"Organization","@id":"https:\/\/www.glaireuse.be\/#organization","name":"Club des Jeunes de Glaireuse","url":"https:\/\/www.glaireuse.be\/","sameAs":[],"logo":{"@type":"ImageObject","inLanguage":"fr-FR","@id":"https:\/\/www.glaireuse.be\/#\/schema\/logo\/image\/","url":"http:\/\/www.glaireuse.be\/wp-content\/uploads\/2022\/07\/Vache.bmp","contentUrl":"http:\/\/www.glaireuse.be\/wp-content\/uploads\/2022\/07\/Vache.bmp","width":307,"height":422,"caption":"Club des Jeunes de Glaireuse"},"image":{"@id":"https:\/\/www.glaireuse.be\/#\/schema\/logo\/image\/"}},{"@type":"WebSite","@id":"https:\/\/www.glaireuse.be\/#website","url":"https:\/\/www.glaireuse.be\/","name":"Club des Jeunes de Glaireuse","description":"Tous \u00e0 Glaireuse le 2e WE d&#039;ao\u00fbt","publisher":{"@id":"https:\/\/www.glaireuse.be\/#organization"},"potentialAction":[{"@type":"SearchAction","target":{"@type":"EntryPoint","urlTemplate":"https:\/\/www.glaireuse.be\/?s={search_term_string}"},"query-input":"required name=search_term_string"}],"inLanguage":"fr-FR"},{"@type":"WebPage","@id":"http:\/\/www.glaireuse.be\/?page_id=454","url":"http:\/\/www.glaireuse.be\/?page_id=454","name":"Les artistes de la f\u00eate 2018 - Club des Jeunes de Glaireuse","isPartOf":{"@id":"https:\/\/www.glaireuse.be\/#website"},"datePublished":"2018-07-28T11:09:10+00:00","dateModified":"2018-07-28T11:15:11+00:00","breadcrumb":{"@id":"http:\/\/www.glaireuse.be\/?page_id=454#breadcrumb"},"inLanguage":"fr-FR","potentialAction":[{"@type":"ReadAction","target":["http:\/\/www.glaireuse.be\/?page_id=454"]}]},{"@type":"BreadcrumbList","@id":"http:\/\/www.glaireuse.be\/?page_id=454#breadcrumb","itemListElement":[{"@type":"ListItem","position":1,"name":"Accueil","item":"https:\/\/www.glaireuse.be\/"},{"@type":"ListItem","position":2,"name":"Les artistes de la f\u00eate 2018"}]}]}},"_links":{"self":[{"href":"http:\/\/www.glaireuse.be\/index.php?rest_route=\/wp\/v2\/pages\/454","targetHints":{"allow":["GET"]}}],"collection":[{"href":"http:\/\/www.glaireuse.be\/index.php?rest_route=\/wp\/v2\/pages"}],"about":[{"href":"http:\/\/www.glaireuse.be\/index.php?rest_route=\/wp\/v2\/types\/page"}],"author":[{"embeddable":true,"href":"http:\/\/www.glaireuse.be\/index.php?rest_route=\/wp\/v2\/users\/1"}],"replies":[{"embeddable":true,"href":"http:\/\/www.glaireuse.be\/index.php?rest_route=%2Fwp%2Fv2%2Fcomments&post=454"}],"version-history":[{"count":5,"href":"http:\/\/www.glaireuse.be\/index.php?rest_route=\/wp\/v2\/pages\/454\/revisions"}],"predecessor-version":[{"id":464,"href":"http:\/\/www.glaireuse.be\/index.php?rest_route=\/wp\/v2\/pages\/454\/revisions\/464"}],"wp:attachment":[{"href":"http:\/\/www.glaireuse.be\/index.php?rest_route=%2Fwp%2Fv2%2Fmedia&parent=454"}],"curies":[{"name":"wp","href":"https:\/\/api.w.org\/{rel}","templated":true}]}}