{"id":447,"date":"2018-07-28T12:16:04","date_gmt":"2018-07-28T10:16:04","guid":{"rendered":"http:\/\/www.glaireuse.be\/?page_id=447"},"modified":"2018-07-28T12:16:04","modified_gmt":"2018-07-28T10:16:04","slug":"inscription-allure-libre-2018","status":"publish","type":"page","link":"http:\/\/www.glaireuse.be\/?page_id=447","title":{"rendered":"Inscription allure libre 2018"},"content":{"rendered":"<p>Sur cette page, vous pouvez vous inscrire \u00e0 l&rsquo;allure libre du samedi 11 ao\u00fbt. Cette inscription en ligne vous permet de gagner du temps le jour de l&rsquo;\u00e9preuve.<\/p>\n<p><iframe loading=\"lazy\" src=\"https:\/\/docs.google.com\/forms\/d\/e\/1FAIpQLSepziLVs-wHaP8JC3ia4IaUESBw41Ui7WVyow3w2cIX5uIfqw\/viewform?embedded=true\" width=\"800\" height=\"1000\" frameborder=\"0\" marginwidth=\"0\" marginheight=\"0\">Chargement en cours&#8230;<\/iframe><\/p>\n","protected":false},"excerpt":{"rendered":"<p>Sur cette page, vous pouvez vous inscrire \u00e0 l&rsquo;allure libre du samedi 11 ao\u00fbt. Cette inscription en ligne vous permet de gagner du temps le jour de l&rsquo;\u00e9preuve. Chargement en cours&#8230;<\/p>\n","protected":false},"author":1,"featured_media":0,"parent":0,"menu_order":0,"comment_status":"closed","ping_status":"closed","template":"","meta":{"_monsterinsights_skip_tracking":false,"_monsterinsights_sitenote_active":false,"_monsterinsights_sitenote_note":"","_monsterinsights_sitenote_category":0,"ngg_post_thumbnail":0,"footnotes":""},"class_list":["post-447","page","type-page","status-publish","hentry"],"yoast_head":"<!-- This site is optimized with the Yoast SEO plugin v19.4 - https:\/\/yoast.com\/wordpress\/plugins\/seo\/ -->\n<title>Inscription allure libre 2018 - Club des Jeunes de Glaireuse<\/title>\n<meta name=\"robots\" content=\"index, follow, max-snippet:-1, max-image-preview:large, max-video-preview:-1\" \/>\n<link rel=\"canonical\" href=\"http:\/\/www.glaireuse.be\/?page_id=447\" \/>\n<meta property=\"og:locale\" content=\"fr_FR\" \/>\n<meta property=\"og:type\" content=\"article\" \/>\n<meta property=\"og:title\" content=\"Inscription allure libre 2018 - Club des Jeunes de Glaireuse\" \/>\n<meta property=\"og:description\" content=\"Sur cette page, vous pouvez vous inscrire \u00e0 l&rsquo;allure libre du samedi 11 ao\u00fbt. Cette inscription en ligne vous permet de gagner du temps le jour de l&rsquo;\u00e9preuve. Chargement en cours&#8230;\" \/>\n<meta property=\"og:url\" content=\"http:\/\/www.glaireuse.be\/?page_id=447\" \/>\n<meta property=\"og:site_name\" content=\"Club des Jeunes de Glaireuse\" \/>\n<meta name=\"twitter:card\" content=\"summary_large_image\" \/>\n<script type=\"application\/ld+json\" class=\"yoast-schema-graph\">{\"@context\":\"https:\/\/schema.org\",\"@graph\":[{\"@type\":\"Organization\",\"@id\":\"http:\/\/www.glaireuse.be\/#organization\",\"name\":\"Club des Jeunes de Glaireuse\",\"url\":\"http:\/\/www.glaireuse.be\/\",\"sameAs\":[],\"logo\":{\"@type\":\"ImageObject\",\"inLanguage\":\"fr-FR\",\"@id\":\"http:\/\/www.glaireuse.be\/#\/schema\/logo\/image\/\",\"url\":\"http:\/\/www.glaireuse.be\/wp-content\/uploads\/2022\/07\/Vache.bmp\",\"contentUrl\":\"http:\/\/www.glaireuse.be\/wp-content\/uploads\/2022\/07\/Vache.bmp\",\"width\":307,\"height\":422,\"caption\":\"Club des Jeunes de Glaireuse\"},\"image\":{\"@id\":\"http:\/\/www.glaireuse.be\/#\/schema\/logo\/image\/\"}},{\"@type\":\"WebSite\",\"@id\":\"http:\/\/www.glaireuse.be\/#website\",\"url\":\"http:\/\/www.glaireuse.be\/\",\"name\":\"Club des Jeunes de Glaireuse\",\"description\":\"Tous \u00e0 Glaireuse le 2e WE d&#039;ao\u00fbt\",\"publisher\":{\"@id\":\"http:\/\/www.glaireuse.be\/#organization\"},\"potentialAction\":[{\"@type\":\"SearchAction\",\"target\":{\"@type\":\"EntryPoint\",\"urlTemplate\":\"http:\/\/www.glaireuse.be\/?s={search_term_string}\"},\"query-input\":\"required name=search_term_string\"}],\"inLanguage\":\"fr-FR\"},{\"@type\":\"WebPage\",\"@id\":\"http:\/\/www.glaireuse.be\/?page_id=447\",\"url\":\"http:\/\/www.glaireuse.be\/?page_id=447\",\"name\":\"Inscription allure libre 2018 - Club des Jeunes de Glaireuse\",\"isPartOf\":{\"@id\":\"http:\/\/www.glaireuse.be\/#website\"},\"datePublished\":\"2018-07-28T10:16:04+00:00\",\"dateModified\":\"2018-07-28T10:16:04+00:00\",\"breadcrumb\":{\"@id\":\"http:\/\/www.glaireuse.be\/?page_id=447#breadcrumb\"},\"inLanguage\":\"fr-FR\",\"potentialAction\":[{\"@type\":\"ReadAction\",\"target\":[\"http:\/\/www.glaireuse.be\/?page_id=447\"]}]},{\"@type\":\"BreadcrumbList\",\"@id\":\"http:\/\/www.glaireuse.be\/?page_id=447#breadcrumb\",\"itemListElement\":[{\"@type\":\"ListItem\",\"position\":1,\"name\":\"Accueil\",\"item\":\"http:\/\/www.glaireuse.be\/\"},{\"@type\":\"ListItem\",\"position\":2,\"name\":\"Inscription allure libre 2018\"}]}]}<\/script>\n<!-- \/ Yoast SEO plugin. -->","yoast_head_json":{"title":"Inscription allure libre 2018 - Club des Jeunes de Glaireuse","robots":{"index":"index","follow":"follow","max-snippet":"max-snippet:-1","max-image-preview":"max-image-preview:large","max-video-preview":"max-video-preview:-1"},"canonical":"http:\/\/www.glaireuse.be\/?page_id=447","og_locale":"fr_FR","og_type":"article","og_title":"Inscription allure libre 2018 - Club des Jeunes de Glaireuse","og_description":"Sur cette page, vous pouvez vous inscrire \u00e0 l&rsquo;allure libre du samedi 11 ao\u00fbt. Cette inscription en ligne vous permet de gagner du temps le jour de l&rsquo;\u00e9preuve. Chargement en cours&#8230;","og_url":"http:\/\/www.glaireuse.be\/?page_id=447","og_site_name":"Club des Jeunes de Glaireuse","twitter_card":"summary_large_image","schema":{"@context":"https:\/\/schema.org","@graph":[{"@type":"Organization","@id":"http:\/\/www.glaireuse.be\/#organization","name":"Club des Jeunes de Glaireuse","url":"http:\/\/www.glaireuse.be\/","sameAs":[],"logo":{"@type":"ImageObject","inLanguage":"fr-FR","@id":"http:\/\/www.glaireuse.be\/#\/schema\/logo\/image\/","url":"http:\/\/www.glaireuse.be\/wp-content\/uploads\/2022\/07\/Vache.bmp","contentUrl":"http:\/\/www.glaireuse.be\/wp-content\/uploads\/2022\/07\/Vache.bmp","width":307,"height":422,"caption":"Club des Jeunes de Glaireuse"},"image":{"@id":"http:\/\/www.glaireuse.be\/#\/schema\/logo\/image\/"}},{"@type":"WebSite","@id":"http:\/\/www.glaireuse.be\/#website","url":"http:\/\/www.glaireuse.be\/","name":"Club des Jeunes de Glaireuse","description":"Tous \u00e0 Glaireuse le 2e WE d&#039;ao\u00fbt","publisher":{"@id":"http:\/\/www.glaireuse.be\/#organization"},"potentialAction":[{"@type":"SearchAction","target":{"@type":"EntryPoint","urlTemplate":"http:\/\/www.glaireuse.be\/?s={search_term_string}"},"query-input":"required name=search_term_string"}],"inLanguage":"fr-FR"},{"@type":"WebPage","@id":"http:\/\/www.glaireuse.be\/?page_id=447","url":"http:\/\/www.glaireuse.be\/?page_id=447","name":"Inscription allure libre 2018 - Club des Jeunes de Glaireuse","isPartOf":{"@id":"http:\/\/www.glaireuse.be\/#website"},"datePublished":"2018-07-28T10:16:04+00:00","dateModified":"2018-07-28T10:16:04+00:00","breadcrumb":{"@id":"http:\/\/www.glaireuse.be\/?page_id=447#breadcrumb"},"inLanguage":"fr-FR","potentialAction":[{"@type":"ReadAction","target":["http:\/\/www.glaireuse.be\/?page_id=447"]}]},{"@type":"BreadcrumbList","@id":"http:\/\/www.glaireuse.be\/?page_id=447#breadcrumb","itemListElement":[{"@type":"ListItem","position":1,"name":"Accueil","item":"http:\/\/www.glaireuse.be\/"},{"@type":"ListItem","position":2,"name":"Inscription allure libre 2018"}]}]}},"_links":{"self":[{"href":"http:\/\/www.glaireuse.be\/index.php?rest_route=\/wp\/v2\/pages\/447","targetHints":{"allow":["GET"]}}],"collection":[{"href":"http:\/\/www.glaireuse.be\/index.php?rest_route=\/wp\/v2\/pages"}],"about":[{"href":"http:\/\/www.glaireuse.be\/index.php?rest_route=\/wp\/v2\/types\/page"}],"author":[{"embeddable":true,"href":"http:\/\/www.glaireuse.be\/index.php?rest_route=\/wp\/v2\/users\/1"}],"replies":[{"embeddable":true,"href":"http:\/\/www.glaireuse.be\/index.php?rest_route=%2Fwp%2Fv2%2Fcomments&post=447"}],"version-history":[{"count":1,"href":"http:\/\/www.glaireuse.be\/index.php?rest_route=\/wp\/v2\/pages\/447\/revisions"}],"predecessor-version":[{"id":448,"href":"http:\/\/www.glaireuse.be\/index.php?rest_route=\/wp\/v2\/pages\/447\/revisions\/448"}],"wp:attachment":[{"href":"http:\/\/www.glaireuse.be\/index.php?rest_route=%2Fwp%2Fv2%2Fmedia&parent=447"}],"curies":[{"name":"wp","href":"https:\/\/api.w.org\/{rel}","templated":true}]}}