{"id":444,"date":"2018-07-28T12:21:21","date_gmt":"2018-07-28T10:21:21","guid":{"rendered":"http:\/\/www.glaireuse.be\/?page_id=444"},"modified":"2018-07-28T12:21:21","modified_gmt":"2018-07-28T10:21:21","slug":"allure-libre-2018","status":"publish","type":"page","link":"http:\/\/www.glaireuse.be\/?page_id=444","title":{"rendered":"Allure libre 2018"},"content":{"rendered":"<p>Cette ann\u00e9e, nous organisons dans le cadre de la kermesse, le samedi 11 aout la trois\u00e8me \u00e9dition de \u00ab\u00a0l&rsquo;allure libre des Scarbottes\u00a0\u00bb.<\/p>\n<p><a href=\"http:\/\/www.glaireuse.be\/?attachment_id=445\" rel=\"attachment wp-att-445\"><img loading=\"lazy\" decoding=\"async\" class=\"alignleft size-large wp-image-445\" src=\"http:\/\/www.glaireuse.be\/wp-content\/uploads\/2018\/07\/folders-allure-libre-2018-solo-1024x722.jpg\" alt=\"folders allure libre 2018 solo\" width=\"800\" height=\"564\" srcset=\"http:\/\/www.glaireuse.be\/wp-content\/uploads\/2018\/07\/folders-allure-libre-2018-solo-1024x722.jpg 1024w, http:\/\/www.glaireuse.be\/wp-content\/uploads\/2018\/07\/folders-allure-libre-2018-solo-150x106.jpg 150w, http:\/\/www.glaireuse.be\/wp-content\/uploads\/2018\/07\/folders-allure-libre-2018-solo-300x211.jpg 300w, http:\/\/www.glaireuse.be\/wp-content\/uploads\/2018\/07\/folders-allure-libre-2018-solo-768x541.jpg 768w, http:\/\/www.glaireuse.be\/wp-content\/uploads\/2018\/07\/folders-allure-libre-2018-solo-213x150.jpg 213w\" sizes=\"auto, (max-width: 800px) 100vw, 800px\" \/><\/a><\/p>\n<p>Venez vous d\u00e9fouler sur deux parcours de 6 et 12km dans la campagne environnante du village de Glaireuse.<\/p>\n<p>Le d\u00e9part group\u00e9 sera donn\u00e9 \u00e0 19h30 sur la place du village. Les inscriptions seront possibles \u00e0 partir de 18h00 au chapiteau.<\/p>\n<p><span style=\"text-decoration: underline;\"><em>Informations pratiques:<\/em><\/span><\/p>\n<p>Le tarif est le suivant :<br \/>\n&#8211; 3,00\u20ac pour le circuit de 6km<br \/>\n&#8211; 4,00\u20ac pour le circuit de 12km<br \/>\nLors de l&rsquo;inscription vous recevrez un dossard qui permettra l&rsquo;\u00e9tablissement du classement de l&rsquo;\u00e9preuve (qui vous sera transmis par E-mail) <a href=\"http:\/\/www.glaireuse.be\/?page_id=447\">&gt;&gt;Inscription en ligne&lt;&lt;<\/a><\/p>\n<p>Possibilit\u00e9 d&rsquo;utiliser des douches au retour, bar et restauration sur place<\/p>\n<p>Vous pouvez v\u00e9rifier si vous \u00eates inscrit <a href=\"http:\/\/www.glaireuse.be\/?page_id=331\" target=\"_blank\">&gt;&gt;ici&lt;&lt;<\/a><\/p>\n<p>info : St\u00e9phane Toussaint (<a href=\"mailto:stou@skynet.be\">stou@skynet.be<\/a>) &#8211; C\u00e9dric Mignon (<a href=\"mailto:mignon3@hotmail.com\">mignon3@hotmail.com<\/a>) apr\u00e8s 19h00.<\/p>\n<p><span style=\"font-size: small;\"><span lang=\"fr-FR\"><u><b>Rem<\/b><\/u><\/span><\/span><span style=\"font-size: small;\"><span lang=\"fr-FR\">: L&rsquo;organisateur conseille instamment et formellement aux participants de subir un examen sportif m\u00e9dical en rapport avec la participation \u00e0 l&rsquo;Ev\u00e9nement.<\/span><\/span><\/p>\n<p><span style=\"font-size: small;\"><span lang=\"fr-FR\"><u><b>Lors de son inscription, le participant:<\/b><\/u><\/span><\/span><\/p>\n<p><span style=\"font-size: small;\"><span lang=\"fr-FR\"><b>&#8211;<\/b><\/span><\/span><span style=\"font-size: small;\"><span lang=\"fr-FR\"> d\u00e9clare ne souffrir d&rsquo;aucun probl\u00e8me m\u00e9dical et d\u00e9clare avoir pris connaissance du fait que sa participation exige une bonne sant\u00e9 physique et certifie qu&rsquo;il satisfait \u00e0 cette exigence et qu&rsquo;il s&rsquo;est suffisamment pr\u00e9par\u00e9 pour l&rsquo;\u00e9v\u00e9nement par un entra\u00eenement ad\u00e9quat.<\/span><\/span><\/p>\n<p><span style=\"font-size: small;\"><span lang=\"fr-FR\"><b>&#8211;<\/b><\/span><\/span><span style=\"font-size: small;\"><span lang=\"fr-FR\"> d\u00e9clare participer \u00e0 cette \u00e9preuve sous sa propre responsabilit\u00e9. L&rsquo;organisation d\u00e9cline toutes responsabilit\u00e9s en cas d&rsquo;accident provoqu\u00e9 par une d\u00e9faillance physique cons\u00e9cutive \u00e0 un mauvais \u00e9tat de sant\u00e9.<\/span><\/span><\/p>\n<p><span style=\"font-size: small;\"><span lang=\"fr-FR\"><b>&#8211;<\/b><\/span><\/span><span style=\"font-size: small;\"><span lang=\"fr-FR\"> s&rsquo;engage \u00e0 respecter les r\u00e8gles de circulations en vigueur sur la voie publique.<\/span><\/span><\/p>\n<p><span style=\"font-size: small;\"><span lang=\"fr-FR\"><b>&#8211;<\/b><\/span><\/span><span style=\"font-size: small;\"><span lang=\"fr-FR\"> s&rsquo;engage \u00e0 faire preuve de faire-plait et de respect envers les autres participants<\/span> <\/span><\/p>\n","protected":false},"excerpt":{"rendered":"<p>Cette ann\u00e9e, nous organisons dans le cadre de la kermesse, le samedi 11 aout la trois\u00e8me \u00e9dition de \u00ab\u00a0l&rsquo;allure libre des Scarbottes\u00a0\u00bb. Venez vous d\u00e9fouler sur deux parcours de 6 et 12km dans la campagne environnante du village de Glaireuse. Le d\u00e9part group\u00e9 sera donn\u00e9 \u00e0 19h30 sur la place \u2026 <a class=\"continue-reading-link\" href=\"http:\/\/www.glaireuse.be\/?page_id=444\"> Continue reading <span class=\"meta-nav\">&rarr; <\/span><\/a><\/p>\n","protected":false},"author":1,"featured_media":0,"parent":0,"menu_order":0,"comment_status":"closed","ping_status":"closed","template":"","meta":{"_monsterinsights_skip_tracking":false,"_monsterinsights_sitenote_active":false,"_monsterinsights_sitenote_note":"","_monsterinsights_sitenote_category":0,"ngg_post_thumbnail":0,"footnotes":""},"class_list":["post-444","page","type-page","status-publish","hentry"],"yoast_head":"<!-- This site is optimized with the Yoast SEO plugin v19.4 - https:\/\/yoast.com\/wordpress\/plugins\/seo\/ -->\n<title>Allure libre 2018 - Club des Jeunes de Glaireuse<\/title>\n<meta name=\"robots\" content=\"index, follow, max-snippet:-1, max-image-preview:large, max-video-preview:-1\" \/>\n<link rel=\"canonical\" href=\"https:\/\/www.glaireuse.be\/?page_id=444\" \/>\n<meta property=\"og:locale\" content=\"fr_FR\" \/>\n<meta property=\"og:type\" content=\"article\" \/>\n<meta property=\"og:title\" content=\"Allure libre 2018 - Club des Jeunes de Glaireuse\" \/>\n<meta property=\"og:description\" content=\"Cette ann\u00e9e, nous organisons dans le cadre de la kermesse, le samedi 11 aout la trois\u00e8me \u00e9dition de \u00ab\u00a0l&rsquo;allure libre des Scarbottes\u00a0\u00bb. Venez vous d\u00e9fouler sur deux parcours de 6 et 12km dans la campagne environnante du village de Glaireuse. Le d\u00e9part group\u00e9 sera donn\u00e9 \u00e0 19h30 sur la place \u2026 Continue reading &rarr;\" \/>\n<meta property=\"og:url\" content=\"https:\/\/www.glaireuse.be\/?page_id=444\" \/>\n<meta property=\"og:site_name\" content=\"Club des Jeunes de Glaireuse\" \/>\n<meta property=\"og:image\" content=\"http:\/\/www.glaireuse.be\/wp-content\/uploads\/2018\/07\/folders-allure-libre-2018-solo-1024x722.jpg\" \/>\n<meta name=\"twitter:card\" content=\"summary_large_image\" \/>\n<meta name=\"twitter:label1\" content=\"Dur\u00e9e de lecture estim\u00e9e\" \/>\n\t<meta name=\"twitter:data1\" content=\"1 minute\" \/>\n<script type=\"application\/ld+json\" class=\"yoast-schema-graph\">{\"@context\":\"https:\/\/schema.org\",\"@graph\":[{\"@type\":\"Organization\",\"@id\":\"http:\/\/www.glaireuse.be\/#organization\",\"name\":\"Club des Jeunes de Glaireuse\",\"url\":\"http:\/\/www.glaireuse.be\/\",\"sameAs\":[],\"logo\":{\"@type\":\"ImageObject\",\"inLanguage\":\"fr-FR\",\"@id\":\"http:\/\/www.glaireuse.be\/#\/schema\/logo\/image\/\",\"url\":\"http:\/\/www.glaireuse.be\/wp-content\/uploads\/2022\/07\/Vache.bmp\",\"contentUrl\":\"http:\/\/www.glaireuse.be\/wp-content\/uploads\/2022\/07\/Vache.bmp\",\"width\":307,\"height\":422,\"caption\":\"Club des Jeunes de Glaireuse\"},\"image\":{\"@id\":\"http:\/\/www.glaireuse.be\/#\/schema\/logo\/image\/\"}},{\"@type\":\"WebSite\",\"@id\":\"http:\/\/www.glaireuse.be\/#website\",\"url\":\"http:\/\/www.glaireuse.be\/\",\"name\":\"Club des Jeunes de Glaireuse\",\"description\":\"Tous \u00e0 Glaireuse le 2e WE d&#039;ao\u00fbt\",\"publisher\":{\"@id\":\"http:\/\/www.glaireuse.be\/#organization\"},\"potentialAction\":[{\"@type\":\"SearchAction\",\"target\":{\"@type\":\"EntryPoint\",\"urlTemplate\":\"http:\/\/www.glaireuse.be\/?s={search_term_string}\"},\"query-input\":\"required name=search_term_string\"}],\"inLanguage\":\"fr-FR\"},{\"@type\":\"WebPage\",\"@id\":\"https:\/\/www.glaireuse.be\/?page_id=444\",\"url\":\"https:\/\/www.glaireuse.be\/?page_id=444\",\"name\":\"Allure libre 2018 - Club des Jeunes de Glaireuse\",\"isPartOf\":{\"@id\":\"http:\/\/www.glaireuse.be\/#website\"},\"datePublished\":\"2018-07-28T10:21:21+00:00\",\"dateModified\":\"2018-07-28T10:21:21+00:00\",\"breadcrumb\":{\"@id\":\"https:\/\/www.glaireuse.be\/?page_id=444#breadcrumb\"},\"inLanguage\":\"fr-FR\",\"potentialAction\":[{\"@type\":\"ReadAction\",\"target\":[\"https:\/\/www.glaireuse.be\/?page_id=444\"]}]},{\"@type\":\"BreadcrumbList\",\"@id\":\"https:\/\/www.glaireuse.be\/?page_id=444#breadcrumb\",\"itemListElement\":[{\"@type\":\"ListItem\",\"position\":1,\"name\":\"Accueil\",\"item\":\"http:\/\/www.glaireuse.be\/\"},{\"@type\":\"ListItem\",\"position\":2,\"name\":\"Allure libre 2018\"}]}]}<\/script>\n<!-- \/ Yoast SEO plugin. -->","yoast_head_json":{"title":"Allure libre 2018 - Club des Jeunes de Glaireuse","robots":{"index":"index","follow":"follow","max-snippet":"max-snippet:-1","max-image-preview":"max-image-preview:large","max-video-preview":"max-video-preview:-1"},"canonical":"https:\/\/www.glaireuse.be\/?page_id=444","og_locale":"fr_FR","og_type":"article","og_title":"Allure libre 2018 - Club des Jeunes de Glaireuse","og_description":"Cette ann\u00e9e, nous organisons dans le cadre de la kermesse, le samedi 11 aout la trois\u00e8me \u00e9dition de \u00ab\u00a0l&rsquo;allure libre des Scarbottes\u00a0\u00bb. Venez vous d\u00e9fouler sur deux parcours de 6 et 12km dans la campagne environnante du village de Glaireuse. Le d\u00e9part group\u00e9 sera donn\u00e9 \u00e0 19h30 sur la place \u2026 Continue reading &rarr;","og_url":"https:\/\/www.glaireuse.be\/?page_id=444","og_site_name":"Club des Jeunes de Glaireuse","og_image":[{"url":"http:\/\/www.glaireuse.be\/wp-content\/uploads\/2018\/07\/folders-allure-libre-2018-solo-1024x722.jpg"}],"twitter_card":"summary_large_image","twitter_misc":{"Dur\u00e9e de lecture estim\u00e9e":"1 minute"},"schema":{"@context":"https:\/\/schema.org","@graph":[{"@type":"Organization","@id":"http:\/\/www.glaireuse.be\/#organization","name":"Club des Jeunes de Glaireuse","url":"http:\/\/www.glaireuse.be\/","sameAs":[],"logo":{"@type":"ImageObject","inLanguage":"fr-FR","@id":"http:\/\/www.glaireuse.be\/#\/schema\/logo\/image\/","url":"http:\/\/www.glaireuse.be\/wp-content\/uploads\/2022\/07\/Vache.bmp","contentUrl":"http:\/\/www.glaireuse.be\/wp-content\/uploads\/2022\/07\/Vache.bmp","width":307,"height":422,"caption":"Club des Jeunes de Glaireuse"},"image":{"@id":"http:\/\/www.glaireuse.be\/#\/schema\/logo\/image\/"}},{"@type":"WebSite","@id":"http:\/\/www.glaireuse.be\/#website","url":"http:\/\/www.glaireuse.be\/","name":"Club des Jeunes de Glaireuse","description":"Tous \u00e0 Glaireuse le 2e WE d&#039;ao\u00fbt","publisher":{"@id":"http:\/\/www.glaireuse.be\/#organization"},"potentialAction":[{"@type":"SearchAction","target":{"@type":"EntryPoint","urlTemplate":"http:\/\/www.glaireuse.be\/?s={search_term_string}"},"query-input":"required name=search_term_string"}],"inLanguage":"fr-FR"},{"@type":"WebPage","@id":"https:\/\/www.glaireuse.be\/?page_id=444","url":"https:\/\/www.glaireuse.be\/?page_id=444","name":"Allure libre 2018 - Club des Jeunes de Glaireuse","isPartOf":{"@id":"http:\/\/www.glaireuse.be\/#website"},"datePublished":"2018-07-28T10:21:21+00:00","dateModified":"2018-07-28T10:21:21+00:00","breadcrumb":{"@id":"https:\/\/www.glaireuse.be\/?page_id=444#breadcrumb"},"inLanguage":"fr-FR","potentialAction":[{"@type":"ReadAction","target":["https:\/\/www.glaireuse.be\/?page_id=444"]}]},{"@type":"BreadcrumbList","@id":"https:\/\/www.glaireuse.be\/?page_id=444#breadcrumb","itemListElement":[{"@type":"ListItem","position":1,"name":"Accueil","item":"http:\/\/www.glaireuse.be\/"},{"@type":"ListItem","position":2,"name":"Allure libre 2018"}]}]}},"_links":{"self":[{"href":"http:\/\/www.glaireuse.be\/index.php?rest_route=\/wp\/v2\/pages\/444","targetHints":{"allow":["GET"]}}],"collection":[{"href":"http:\/\/www.glaireuse.be\/index.php?rest_route=\/wp\/v2\/pages"}],"about":[{"href":"http:\/\/www.glaireuse.be\/index.php?rest_route=\/wp\/v2\/types\/page"}],"author":[{"embeddable":true,"href":"http:\/\/www.glaireuse.be\/index.php?rest_route=\/wp\/v2\/users\/1"}],"replies":[{"embeddable":true,"href":"http:\/\/www.glaireuse.be\/index.php?rest_route=%2Fwp%2Fv2%2Fcomments&post=444"}],"version-history":[{"count":3,"href":"http:\/\/www.glaireuse.be\/index.php?rest_route=\/wp\/v2\/pages\/444\/revisions"}],"predecessor-version":[{"id":450,"href":"http:\/\/www.glaireuse.be\/index.php?rest_route=\/wp\/v2\/pages\/444\/revisions\/450"}],"wp:attachment":[{"href":"http:\/\/www.glaireuse.be\/index.php?rest_route=%2Fwp%2Fv2%2Fmedia&parent=444"}],"curies":[{"name":"wp","href":"https:\/\/api.w.org\/{rel}","templated":true}]}}