{"id":228,"date":"2016-06-21T12:30:43","date_gmt":"2016-06-21T10:30:43","guid":{"rendered":"http:\/\/www.glaireuse.be\/?page_id=228"},"modified":"2016-08-17T08:40:41","modified_gmt":"2016-08-17T06:40:41","slug":"allure-libre-2016","status":"publish","type":"page","link":"http:\/\/www.glaireuse.be\/?page_id=228","title":{"rendered":"Allure libre 2016"},"content":{"rendered":"<div><span style=\"font-family: Arial; font-size: small;\">Ce 13 Ao\u00fbt, vous \u00e9tiez 49 coureurs \u00e0 participer \u00e0 notre premi\u00e8re allure libre des Scarbottes.<\/span><\/div>\n<div><span style=\"font-family: Arial; font-size: small;\">Malgr\u00e9 la chaleur et un soleil de plomb, chacun semble avoir appr\u00e9ci\u00e9 les parcours propos\u00e9s.<\/span><\/div>\n<div><span style=\"font-family: Arial; font-size: small;\">F\u00e9licitations \u00e0 tous et merci pour les commentaires.<\/span><\/div>\n<div><span style=\"font-family: Arial; font-size: small;\">Ceci nous encourage \u00e9videmment \u00e0 remettre \u00e7a l&rsquo;an prochain.<\/span><\/div>\n<div><\/div>\n<div><span style=\"font-family: Arial; font-size: small;\">En attendant les photos prises le long des parcours, voici le classement.<\/span><\/div>\n<p><a href=\"http:\/\/www.glaireuse.be\/?attachment_id=293\" rel=\"attachment wp-att-293\"><img loading=\"lazy\" decoding=\"async\" class=\"aligncenter size-large wp-image-293\" src=\"http:\/\/www.glaireuse.be\/wp-content\/uploads\/2016\/06\/classement-allure-libre-distance-724x1024.png\" alt=\"classement allure libre distance\" width=\"724\" height=\"1024\" srcset=\"http:\/\/www.glaireuse.be\/wp-content\/uploads\/2016\/06\/classement-allure-libre-distance-724x1024.png 724w, http:\/\/www.glaireuse.be\/wp-content\/uploads\/2016\/06\/classement-allure-libre-distance-106x150.png 106w, http:\/\/www.glaireuse.be\/wp-content\/uploads\/2016\/06\/classement-allure-libre-distance-212x300.png 212w, http:\/\/www.glaireuse.be\/wp-content\/uploads\/2016\/06\/classement-allure-libre-distance-768x1086.png 768w, http:\/\/www.glaireuse.be\/wp-content\/uploads\/2016\/06\/classement-allure-libre-distance.png 1240w\" sizes=\"auto, (max-width: 724px) 100vw, 724px\" \/><\/a><a href=\"http:\/\/www.glaireuse.be\/?attachment_id=294\" rel=\"attachment wp-att-294\"><img loading=\"lazy\" decoding=\"async\" class=\"aligncenter size-large wp-image-294\" src=\"http:\/\/www.glaireuse.be\/wp-content\/uploads\/2016\/06\/classement-allure-libre-par-cat\u00e9gorie-724x1024.png\" alt=\"classement allure libre par cat\u00e9gorie\" width=\"724\" height=\"1024\" srcset=\"http:\/\/www.glaireuse.be\/wp-content\/uploads\/2016\/06\/classement-allure-libre-par-cat\u00e9gorie-724x1024.png 724w, http:\/\/www.glaireuse.be\/wp-content\/uploads\/2016\/06\/classement-allure-libre-par-cat\u00e9gorie-106x150.png 106w, http:\/\/www.glaireuse.be\/wp-content\/uploads\/2016\/06\/classement-allure-libre-par-cat\u00e9gorie-212x300.png 212w, http:\/\/www.glaireuse.be\/wp-content\/uploads\/2016\/06\/classement-allure-libre-par-cat\u00e9gorie-768x1086.png 768w, http:\/\/www.glaireuse.be\/wp-content\/uploads\/2016\/06\/classement-allure-libre-par-cat\u00e9gorie.png 1240w\" sizes=\"auto, (max-width: 724px) 100vw, 724px\" \/><\/a><\/p>\n<p><img loading=\"lazy\" decoding=\"async\" class=\"aligncenter size-large wp-image-258\" src=\"http:\/\/www.glaireuse.be\/wp-content\/uploads\/2016\/06\/folders-allure-libre-2016-1-1024x724.png\" alt=\"folders-allure-libre-2016\" width=\"800\" height=\"566\" srcset=\"http:\/\/www.glaireuse.be\/wp-content\/uploads\/2016\/06\/folders-allure-libre-2016-1-1024x724.png 1024w, http:\/\/www.glaireuse.be\/wp-content\/uploads\/2016\/06\/folders-allure-libre-2016-1-150x106.png 150w, http:\/\/www.glaireuse.be\/wp-content\/uploads\/2016\/06\/folders-allure-libre-2016-1-300x212.png 300w, http:\/\/www.glaireuse.be\/wp-content\/uploads\/2016\/06\/folders-allure-libre-2016-1-768x543.png 768w, http:\/\/www.glaireuse.be\/wp-content\/uploads\/2016\/06\/folders-allure-libre-2016-1-212x150.png 212w, http:\/\/www.glaireuse.be\/wp-content\/uploads\/2016\/06\/folders-allure-libre-2016-1.png 1754w\" sizes=\"auto, (max-width: 800px) 100vw, 800px\" \/><\/p>\n<p>&nbsp;<\/p>\n<p><span style=\"text-decoration: underline;\"><em>Description des circuits:<\/em><\/span><\/p>\n<p>A. Parcours de 5 km :\u00a0 <span lang=\"fr-FR\">D+: 90m\u00a0 &#8211; Distance r\u00e9elle: 5.12km<\/span><\/p>\n<p style=\"padding-left: 30px;\"><span lang=\"fr-FR\">\u00a0D\u00e9but de parcours sur route tr\u00e8s peu fr\u00e9quent\u00e9e traversant champs et for\u00eat sur 3km. Longue ascension continue entre km 1.5 et 3. Travers\u00e9e d&rsquo;un chemin en aurore de bois et champs de campagne sur 500m. Retour sur route agricole en d\u00e9nivel\u00e9 n\u00e9gatif continu jusqu&rsquo;\u00e0 l&rsquo;arriv\u00e9e. Arriv\u00e9e au centre du village.<\/span><\/p>\n<p><a href=\"http:\/\/www.glaireuse.be\/wp-content\/uploads\/2016\/06\/profil_5km.png\" target=\"_blank\"><img loading=\"lazy\" decoding=\"async\" class=\"aligncenter wp-image-249 size-large\" src=\"http:\/\/www.glaireuse.be\/wp-content\/uploads\/2016\/06\/profil_5km-1024x458.png\" alt=\"profil_5km\" width=\"800\" height=\"358\" srcset=\"http:\/\/www.glaireuse.be\/wp-content\/uploads\/2016\/06\/profil_5km-1024x458.png 1024w, http:\/\/www.glaireuse.be\/wp-content\/uploads\/2016\/06\/profil_5km-150x67.png 150w, http:\/\/www.glaireuse.be\/wp-content\/uploads\/2016\/06\/profil_5km-300x134.png 300w, http:\/\/www.glaireuse.be\/wp-content\/uploads\/2016\/06\/profil_5km-768x344.png 768w, http:\/\/www.glaireuse.be\/wp-content\/uploads\/2016\/06\/profil_5km-250x112.png 250w, http:\/\/www.glaireuse.be\/wp-content\/uploads\/2016\/06\/profil_5km.png 1358w\" sizes=\"auto, (max-width: 800px) 100vw, 800px\" \/><\/a><\/p>\n<p>B. Parcours de 10 km :\u00a0 <span lang=\"fr-FR\">D+: 200m\u00a0 &#8211; Distance r\u00e9elle: 10.15km<\/span><\/p>\n<p style=\"padding-left: 30px;\"><span lang=\"fr-FR\">D\u00e9but de parcours sur route tr\u00e8s peu fr\u00e9quent\u00e9e traversant champs et for\u00eat sur 4.5km. Longue ascension continue entre km 1.5 et 4.5. A partir du km 4.5, parcours plus reposant avec la rentr\u00e9e dans le bois pour progresser sur chemin d&rsquo;herbe, de terre, et d&#8217;empierr\u00e9 sur 3km. Sortie du bois et retour par un court tron\u00e7on de route \u00e9quip\u00e9 d&rsquo;une \u00ab\u00a0zone s\u00e9curis\u00e9e pi\u00e9ton\u00a0\u00bb suivi d&rsquo;une route agricole tr\u00e8s peu fr\u00e9quent\u00e9e. Arriv\u00e9e au centre du village.<\/span><\/p>\n<p><a href=\"http:\/\/www.glaireuse.be\/wp-content\/uploads\/2016\/06\/profil_10km.png\" target=\"_blank\"><img loading=\"lazy\" decoding=\"async\" class=\"aligncenter wp-image-250 size-large\" src=\"http:\/\/www.glaireuse.be\/wp-content\/uploads\/2016\/06\/profil_10km-1024x453.png\" alt=\"profil_10km\" width=\"800\" height=\"354\" srcset=\"http:\/\/www.glaireuse.be\/wp-content\/uploads\/2016\/06\/profil_10km-1024x453.png 1024w, http:\/\/www.glaireuse.be\/wp-content\/uploads\/2016\/06\/profil_10km-150x66.png 150w, http:\/\/www.glaireuse.be\/wp-content\/uploads\/2016\/06\/profil_10km-300x133.png 300w, http:\/\/www.glaireuse.be\/wp-content\/uploads\/2016\/06\/profil_10km-768x340.png 768w, http:\/\/www.glaireuse.be\/wp-content\/uploads\/2016\/06\/profil_10km-250x111.png 250w, http:\/\/www.glaireuse.be\/wp-content\/uploads\/2016\/06\/profil_10km.png 1352w\" sizes=\"auto, (max-width: 800px) 100vw, 800px\" \/><\/a><\/p>\n<p><span style=\"font-size: small;\"><span lang=\"fr-FR\"><u><b>Rem<\/b><\/u><\/span><\/span><span style=\"font-size: small;\"><span lang=\"fr-FR\">: L&rsquo;organisateur conseille instamment et formellement aux participants de subir un examen sportif m\u00e9dical en rapport avec la participation \u00e0 l&rsquo;Ev\u00e9nement.<\/span><\/span><\/p>\n<p><span style=\"font-size: small;\"><span lang=\"fr-FR\"><u><b>Lors de son inscription, le participant:<\/b><\/u><\/span><\/span><\/p>\n<p><span style=\"font-size: small;\"><span lang=\"fr-FR\"><b>&#8211;<\/b><\/span><\/span><span style=\"font-size: small;\"><span lang=\"fr-FR\"> d\u00e9clare ne souffrir d&rsquo;aucun probl\u00e8me m\u00e9dical et d\u00e9clare avoir pris connaissance du fait que sa participation exige une bonne sant\u00e9 physique et certifie qu&rsquo;il satisfait \u00e0 cette exigence et qu&rsquo;il s&rsquo;est suffisamment pr\u00e9par\u00e9 pour l&rsquo;\u00e9v\u00e9nement par un entra\u00eenement ad\u00e9quat.<\/span><\/span><\/p>\n<p><span style=\"font-size: small;\"><span lang=\"fr-FR\"><b>&#8211;<\/b><\/span><\/span><span style=\"font-size: small;\"><span lang=\"fr-FR\"> d\u00e9clare participer \u00e0 cette \u00e9preuve sous sa propre responsabilit\u00e9. L&rsquo;organisation d\u00e9cline toutes responsabilit\u00e9s en cas d&rsquo;accident provoqu\u00e9 par une d\u00e9faillance physique cons\u00e9cutive \u00e0 un mauvais \u00e9tat de sant\u00e9.<\/span><\/span><\/p>\n<p><span style=\"font-size: small;\"><span lang=\"fr-FR\"><b>&#8211;<\/b><\/span><\/span><span style=\"font-size: small;\"><span lang=\"fr-FR\"> s&rsquo;engage \u00e0 respecter les r\u00e8gles de circulations en vigueur sur la voie publique.<\/span><\/span><\/p>\n<p><span style=\"font-size: small;\"><span lang=\"fr-FR\"><b>&#8211;<\/b><\/span><\/span><span style=\"font-size: small;\"><span lang=\"fr-FR\"> s&rsquo;engage \u00e0 faire preuve de faire-plait et de respect envers les autres participants<\/span><\/span><\/p>\n","protected":false},"excerpt":{"rendered":"<p>Ce 13 Ao\u00fbt, vous \u00e9tiez 49 coureurs \u00e0 participer \u00e0 notre premi\u00e8re allure libre des Scarbottes. Malgr\u00e9 la chaleur et un soleil de plomb, chacun semble avoir appr\u00e9ci\u00e9 les parcours propos\u00e9s. F\u00e9licitations \u00e0 tous et merci pour les commentaires. Ceci nous encourage \u00e9videmment \u00e0 remettre \u00e7a l&rsquo;an prochain. En attendant \u2026 <a class=\"continue-reading-link\" href=\"http:\/\/www.glaireuse.be\/?page_id=228\"> Continue reading <span class=\"meta-nav\">&rarr; <\/span><\/a><\/p>\n","protected":false},"author":1,"featured_media":0,"parent":0,"menu_order":0,"comment_status":"closed","ping_status":"closed","template":"","meta":{"_monsterinsights_skip_tracking":false,"_monsterinsights_sitenote_active":false,"_monsterinsights_sitenote_note":"","_monsterinsights_sitenote_category":0,"ngg_post_thumbnail":0,"footnotes":""},"class_list":["post-228","page","type-page","status-publish","hentry"],"yoast_head":"<!-- This site is optimized with the Yoast SEO plugin v19.4 - https:\/\/yoast.com\/wordpress\/plugins\/seo\/ -->\n<title>Allure libre 2016 - Club des Jeunes de Glaireuse<\/title>\n<meta name=\"robots\" content=\"index, follow, max-snippet:-1, max-image-preview:large, max-video-preview:-1\" \/>\n<link rel=\"canonical\" href=\"http:\/\/www.glaireuse.be\/?page_id=228\" \/>\n<meta property=\"og:locale\" content=\"fr_FR\" \/>\n<meta property=\"og:type\" content=\"article\" \/>\n<meta property=\"og:title\" content=\"Allure libre 2016 - Club des Jeunes de Glaireuse\" \/>\n<meta property=\"og:description\" content=\"Ce 13 Ao\u00fbt, vous \u00e9tiez 49 coureurs \u00e0 participer \u00e0 notre premi\u00e8re allure libre des Scarbottes. Malgr\u00e9 la chaleur et un soleil de plomb, chacun semble avoir appr\u00e9ci\u00e9 les parcours propos\u00e9s. F\u00e9licitations \u00e0 tous et merci pour les commentaires. Ceci nous encourage \u00e9videmment \u00e0 remettre \u00e7a l&rsquo;an prochain. En attendant \u2026 Continue reading &rarr;\" \/>\n<meta property=\"og:url\" content=\"http:\/\/www.glaireuse.be\/?page_id=228\" \/>\n<meta property=\"og:site_name\" content=\"Club des Jeunes de Glaireuse\" \/>\n<meta property=\"article:modified_time\" content=\"2016-08-17T06:40:41+00:00\" \/>\n<meta property=\"og:image\" content=\"http:\/\/www.glaireuse.be\/wp-content\/uploads\/2016\/06\/classement-allure-libre-distance-724x1024.png\" \/>\n<meta name=\"twitter:card\" content=\"summary_large_image\" \/>\n<meta name=\"twitter:label1\" content=\"Dur\u00e9e de lecture estim\u00e9e\" \/>\n\t<meta name=\"twitter:data1\" content=\"2 minutes\" \/>\n<script type=\"application\/ld+json\" class=\"yoast-schema-graph\">{\"@context\":\"https:\/\/schema.org\",\"@graph\":[{\"@type\":\"Organization\",\"@id\":\"http:\/\/www.glaireuse.be\/#organization\",\"name\":\"Club des Jeunes de Glaireuse\",\"url\":\"http:\/\/www.glaireuse.be\/\",\"sameAs\":[],\"logo\":{\"@type\":\"ImageObject\",\"inLanguage\":\"fr-FR\",\"@id\":\"http:\/\/www.glaireuse.be\/#\/schema\/logo\/image\/\",\"url\":\"http:\/\/www.glaireuse.be\/wp-content\/uploads\/2022\/07\/Vache.bmp\",\"contentUrl\":\"http:\/\/www.glaireuse.be\/wp-content\/uploads\/2022\/07\/Vache.bmp\",\"width\":307,\"height\":422,\"caption\":\"Club des Jeunes de Glaireuse\"},\"image\":{\"@id\":\"http:\/\/www.glaireuse.be\/#\/schema\/logo\/image\/\"}},{\"@type\":\"WebSite\",\"@id\":\"http:\/\/www.glaireuse.be\/#website\",\"url\":\"http:\/\/www.glaireuse.be\/\",\"name\":\"Club des Jeunes de Glaireuse\",\"description\":\"Tous \u00e0 Glaireuse le 2e WE d&#039;ao\u00fbt\",\"publisher\":{\"@id\":\"http:\/\/www.glaireuse.be\/#organization\"},\"potentialAction\":[{\"@type\":\"SearchAction\",\"target\":{\"@type\":\"EntryPoint\",\"urlTemplate\":\"http:\/\/www.glaireuse.be\/?s={search_term_string}\"},\"query-input\":\"required name=search_term_string\"}],\"inLanguage\":\"fr-FR\"},{\"@type\":\"WebPage\",\"@id\":\"http:\/\/www.glaireuse.be\/?page_id=228\",\"url\":\"http:\/\/www.glaireuse.be\/?page_id=228\",\"name\":\"Allure libre 2016 - Club des Jeunes de Glaireuse\",\"isPartOf\":{\"@id\":\"http:\/\/www.glaireuse.be\/#website\"},\"datePublished\":\"2016-06-21T10:30:43+00:00\",\"dateModified\":\"2016-08-17T06:40:41+00:00\",\"breadcrumb\":{\"@id\":\"http:\/\/www.glaireuse.be\/?page_id=228#breadcrumb\"},\"inLanguage\":\"fr-FR\",\"potentialAction\":[{\"@type\":\"ReadAction\",\"target\":[\"http:\/\/www.glaireuse.be\/?page_id=228\"]}]},{\"@type\":\"BreadcrumbList\",\"@id\":\"http:\/\/www.glaireuse.be\/?page_id=228#breadcrumb\",\"itemListElement\":[{\"@type\":\"ListItem\",\"position\":1,\"name\":\"Accueil\",\"item\":\"http:\/\/www.glaireuse.be\/\"},{\"@type\":\"ListItem\",\"position\":2,\"name\":\"Allure libre 2016\"}]}]}<\/script>\n<!-- \/ Yoast SEO plugin. -->","yoast_head_json":{"title":"Allure libre 2016 - Club des Jeunes de Glaireuse","robots":{"index":"index","follow":"follow","max-snippet":"max-snippet:-1","max-image-preview":"max-image-preview:large","max-video-preview":"max-video-preview:-1"},"canonical":"http:\/\/www.glaireuse.be\/?page_id=228","og_locale":"fr_FR","og_type":"article","og_title":"Allure libre 2016 - Club des Jeunes de Glaireuse","og_description":"Ce 13 Ao\u00fbt, vous \u00e9tiez 49 coureurs \u00e0 participer \u00e0 notre premi\u00e8re allure libre des Scarbottes. Malgr\u00e9 la chaleur et un soleil de plomb, chacun semble avoir appr\u00e9ci\u00e9 les parcours propos\u00e9s. F\u00e9licitations \u00e0 tous et merci pour les commentaires. Ceci nous encourage \u00e9videmment \u00e0 remettre \u00e7a l&rsquo;an prochain. En attendant \u2026 Continue reading &rarr;","og_url":"http:\/\/www.glaireuse.be\/?page_id=228","og_site_name":"Club des Jeunes de Glaireuse","article_modified_time":"2016-08-17T06:40:41+00:00","og_image":[{"url":"http:\/\/www.glaireuse.be\/wp-content\/uploads\/2016\/06\/classement-allure-libre-distance-724x1024.png"}],"twitter_card":"summary_large_image","twitter_misc":{"Dur\u00e9e de lecture estim\u00e9e":"2 minutes"},"schema":{"@context":"https:\/\/schema.org","@graph":[{"@type":"Organization","@id":"http:\/\/www.glaireuse.be\/#organization","name":"Club des Jeunes de Glaireuse","url":"http:\/\/www.glaireuse.be\/","sameAs":[],"logo":{"@type":"ImageObject","inLanguage":"fr-FR","@id":"http:\/\/www.glaireuse.be\/#\/schema\/logo\/image\/","url":"http:\/\/www.glaireuse.be\/wp-content\/uploads\/2022\/07\/Vache.bmp","contentUrl":"http:\/\/www.glaireuse.be\/wp-content\/uploads\/2022\/07\/Vache.bmp","width":307,"height":422,"caption":"Club des Jeunes de Glaireuse"},"image":{"@id":"http:\/\/www.glaireuse.be\/#\/schema\/logo\/image\/"}},{"@type":"WebSite","@id":"http:\/\/www.glaireuse.be\/#website","url":"http:\/\/www.glaireuse.be\/","name":"Club des Jeunes de Glaireuse","description":"Tous \u00e0 Glaireuse le 2e WE d&#039;ao\u00fbt","publisher":{"@id":"http:\/\/www.glaireuse.be\/#organization"},"potentialAction":[{"@type":"SearchAction","target":{"@type":"EntryPoint","urlTemplate":"http:\/\/www.glaireuse.be\/?s={search_term_string}"},"query-input":"required name=search_term_string"}],"inLanguage":"fr-FR"},{"@type":"WebPage","@id":"http:\/\/www.glaireuse.be\/?page_id=228","url":"http:\/\/www.glaireuse.be\/?page_id=228","name":"Allure libre 2016 - Club des Jeunes de Glaireuse","isPartOf":{"@id":"http:\/\/www.glaireuse.be\/#website"},"datePublished":"2016-06-21T10:30:43+00:00","dateModified":"2016-08-17T06:40:41+00:00","breadcrumb":{"@id":"http:\/\/www.glaireuse.be\/?page_id=228#breadcrumb"},"inLanguage":"fr-FR","potentialAction":[{"@type":"ReadAction","target":["http:\/\/www.glaireuse.be\/?page_id=228"]}]},{"@type":"BreadcrumbList","@id":"http:\/\/www.glaireuse.be\/?page_id=228#breadcrumb","itemListElement":[{"@type":"ListItem","position":1,"name":"Accueil","item":"http:\/\/www.glaireuse.be\/"},{"@type":"ListItem","position":2,"name":"Allure libre 2016"}]}]}},"_links":{"self":[{"href":"http:\/\/www.glaireuse.be\/index.php?rest_route=\/wp\/v2\/pages\/228","targetHints":{"allow":["GET"]}}],"collection":[{"href":"http:\/\/www.glaireuse.be\/index.php?rest_route=\/wp\/v2\/pages"}],"about":[{"href":"http:\/\/www.glaireuse.be\/index.php?rest_route=\/wp\/v2\/types\/page"}],"author":[{"embeddable":true,"href":"http:\/\/www.glaireuse.be\/index.php?rest_route=\/wp\/v2\/users\/1"}],"replies":[{"embeddable":true,"href":"http:\/\/www.glaireuse.be\/index.php?rest_route=%2Fwp%2Fv2%2Fcomments&post=228"}],"version-history":[{"count":15,"href":"http:\/\/www.glaireuse.be\/index.php?rest_route=\/wp\/v2\/pages\/228\/revisions"}],"predecessor-version":[{"id":295,"href":"http:\/\/www.glaireuse.be\/index.php?rest_route=\/wp\/v2\/pages\/228\/revisions\/295"}],"wp:attachment":[{"href":"http:\/\/www.glaireuse.be\/index.php?rest_route=%2Fwp%2Fv2%2Fmedia&parent=228"}],"curies":[{"name":"wp","href":"https:\/\/api.w.org\/{rel}","templated":true}]}}